{"id":539,"date":"2019-10-31T08:10:15","date_gmt":"2019-10-31T07:10:15","guid":{"rendered":"https:\/\/paul-lincke.de\/?page_id=539"},"modified":"2024-01-16T14:45:11","modified_gmt":"2024-01-16T13:45:11","slug":"paul-lincke-ball","status":"publish","type":"page","link":"https:\/\/paul-lincke.de\/?page_id=539","title":{"rendered":"Paul-Lincke-Ball"},"content":{"rendered":"\n<h4 class=\"wp-block-heading\">4. Ball (in Planung)<\/h4>\n\n\n\n<p>Die Planungen f\u00fcr den 4. Ball sind bereits angelaufen. Informationen hierzu folgen in K\u00fcrze&#8230;<\/p>\n\n\n\n<h4 class=\"wp-block-heading\">3. Ball am 29. Oktober 2022<\/h4>\n\n\n\n<p>Endlich durfte wieder das Tanzbein geschwungen werden. Nachdem der f\u00fcr November 2020 avisierte Termin aufgrund der Corona-Pandemie verschoben werden musste, fand nun endlich  der 3. Paul-Lincke-Ball  am Samstag, dem 29.10.2022 statt.<\/p>\n\n\n\n<div class=\"wp-block-file\"><a>Pressebericht in der Goslarschen Zeitung vom 02.11.2022<\/a><a href=\"https:\/\/paul-lincke.de\/wp-content\/uploads\/2023\/01\/2022-11-02-12_00_00_goslar_seite_20.pdf\" class=\"wp-block-file__button wp-element-button\" download>Herunterladen<\/a><\/div>\n\n\n\n<p>Bilder und weitere Eindr\u00fccke folgen in K\u00fcrze\u2026<\/p>\n\n\n\n\n\n\n\n<h4 class=\"wp-block-heading\">2. Ball am <strong>3. November 2018 <\/strong><\/h4>\n\n\n\n<div class=\"wp-block-file\"><a href=\"https:\/\/paul-lincke.de\/wp-content\/uploads\/2019\/10\/Bericht-GZ-06112018.pdf\"> Pressebericht in der Goslarschen Zeitung vom 06.11.2018 <\/a><a href=\"https:\/\/paul-lincke.de\/wp-content\/uploads\/2019\/10\/Bericht-GZ-06112018.pdf\" class=\"wp-block-file__button wp-element-button\" download>Herunterladen<\/a><\/div>\n\n\n\n<ul class=\"wp-block-gallery columns-0 is-cropped has-nested-images columns-default wp-block-gallery-1 is-layout-flex wp-block-gallery-is-layout-flex\"><\/ul>\n\n\n\n<h4 class=\"wp-block-heading\">Der 1. Paul-Lincke-Ball am <strong>05. November 2016<\/strong> <\/h4>\n\n\n\n<div class=\"wp-block-file\"><a href=\"https:\/\/paul-lincke.de\/wp-content\/uploads\/2019\/10\/Goslarsche-Zeitung-vom-07112017.pdf\"> Pressebericht in der Goslarschen Zeitung vom 07.11.2016 <\/a><a href=\"https:\/\/paul-lincke.de\/wp-content\/uploads\/2019\/10\/Goslarsche-Zeitung-vom-07112017.pdf\" class=\"wp-block-file__button wp-element-button\" download>Herunterladen<\/a><\/div>\n","protected":false},"excerpt":{"rendered":"<p>4. Ball (in Planung) Die Planungen f\u00fcr den 4. Ball sind bereits angelaufen. Informationen hierzu folgen in K\u00fcrze&#8230; 3. Ball am 29. Oktober 2022 Endlich durfte wieder das Tanzbein geschwungen werden. Nachdem der f\u00fcr November 2020 avisierte Termin aufgrund der Corona-Pandemie verschoben werden musste, fand nun endlich der 3. Paul-Lincke-Ball am Samstag, dem 29.10.2022 statt.<\/p>\n","protected":false},"author":2,"featured_media":570,"parent":0,"menu_order":0,"comment_status":"closed","ping_status":"closed","template":"","meta":{"footnotes":""},"class_list":["post-539","page","type-page","status-publish","has-post-thumbnail","hentry"],"_links":{"self":[{"href":"https:\/\/paul-lincke.de\/index.php?rest_route=\/wp\/v2\/pages\/539","targetHints":{"allow":["GET"]}}],"collection":[{"href":"https:\/\/paul-lincke.de\/index.php?rest_route=\/wp\/v2\/pages"}],"about":[{"href":"https:\/\/paul-lincke.de\/index.php?rest_route=\/wp\/v2\/types\/page"}],"author":[{"embeddable":true,"href":"https:\/\/paul-lincke.de\/index.php?rest_route=\/wp\/v2\/users\/2"}],"replies":[{"embeddable":true,"href":"https:\/\/paul-lincke.de\/index.php?rest_route=%2Fwp%2Fv2%2Fcomments&post=539"}],"version-history":[{"count":21,"href":"https:\/\/paul-lincke.de\/index.php?rest_route=\/wp\/v2\/pages\/539\/revisions"}],"predecessor-version":[{"id":974,"href":"https:\/\/paul-lincke.de\/index.php?rest_route=\/wp\/v2\/pages\/539\/revisions\/974"}],"wp:featuredmedia":[{"embeddable":true,"href":"https:\/\/paul-lincke.de\/index.php?rest_route=\/wp\/v2\/media\/570"}],"wp:attachment":[{"href":"https:\/\/paul-lincke.de\/index.php?rest_route=%2Fwp%2Fv2%2Fmedia&parent=539"}],"curies":[{"name":"wp","href":"https:\/\/api.w.org\/{rel}","templated":true}]}}