{"id":31,"date":"2019-01-23T14:19:16","date_gmt":"2019-01-23T14:19:16","guid":{"rendered":"https:\/\/malina.artstudioworks.net\/yummy\/?page_id=2"},"modified":"2024-07-17T10:43:15","modified_gmt":"2024-07-17T08:43:15","slug":"home","status":"publish","type":"page","link":"https:\/\/paul-lincke.de\/","title":{"rendered":"Galerie der Ringtr\u00e4ger"},"content":{"rendered":"\n<div style=\"height:44px\" aria-hidden=\"true\" class=\"wp-block-spacer\"><\/div>\n\n\n\n<h2 class=\"wp-block-heading block-title\"><strong>Preistr\u00e4ger und Informationen<\/strong><\/h2>\n\n\n<style>.kb-row-layout-id31_eace04-fa > .kt-row-column-wrap{align-content:start;}:where(.kb-row-layout-id31_eace04-fa > .kt-row-column-wrap) > .wp-block-kadence-column{justify-content:start;}.kb-row-layout-id31_eace04-fa > .kt-row-column-wrap{column-gap:40px;row-gap:var(--global-kb-gap-md, 2rem);padding-top:0px;padding-bottom:45px;grid-template-columns:minmax(0, calc(75% - ((40px * 1 )\/2)))minmax(0, calc(25% - ((40px * 1 )\/2)));}.kb-row-layout-id31_eace04-fa > .kt-row-layout-overlay{opacity:0.30;}@media all and (max-width: 1024px){.kb-row-layout-id31_eace04-fa > .kt-row-column-wrap{grid-template-columns:minmax(0, 2fr) minmax(0, 1fr);}}@media all and (max-width: 767px){.kb-row-layout-id31_eace04-fa > .kt-row-column-wrap{grid-template-columns:minmax(0, 1fr);}}<\/style><div class=\"kb-row-layout-wrap kb-row-layout-id31_eace04-fa alignnone wp-block-kadence-rowlayout\"><div class=\"kt-row-column-wrap kt-has-2-columns kt-row-layout-left-golden kt-tab-layout-inherit kt-mobile-layout-row kt-row-valign-top\">\n<style>.kadence-column31_27a031-7c > .kt-inside-inner-col,.kadence-column31_27a031-7c > .kt-inside-inner-col:before{border-top-left-radius:0px;border-top-right-radius:0px;border-bottom-right-radius:0px;border-bottom-left-radius:0px;}.kadence-column31_27a031-7c > .kt-inside-inner-col{column-gap:var(--global-kb-gap-sm, 1rem);}.kadence-column31_27a031-7c > .kt-inside-inner-col{flex-direction:column;}.kadence-column31_27a031-7c > .kt-inside-inner-col > .aligncenter{width:100%;}.kadence-column31_27a031-7c > .kt-inside-inner-col:before{opacity:0.3;}.kadence-column31_27a031-7c{position:relative;}@media all and (max-width: 1024px){.kadence-column31_27a031-7c > .kt-inside-inner-col{flex-direction:column;}}@media all and (max-width: 767px){.kadence-column31_27a031-7c > .kt-inside-inner-col{flex-direction:column;}}<\/style>\n<div class=\"wp-block-kadence-column kadence-column31_27a031-7c inner-column-1\"><div class=\"kt-inside-inner-col\"><div id=\"latest-posts\"><div id=\"blog-posts-1\" class=\"row-fluid blog-posts\"><article class=\"post-size span4 style_1 938 post-938 post type-post status-publish format-standard has-post-thumbnail hentry category-preistraeger tag-annett-louisan tag-goslar tag-paul-lincke-ring tag-preis post\"><div class=\"post-content-container textleft\"><div class=\"post-img-block\"><figure class=\"post-img\"><a href=\"https:\/\/paul-lincke.de\/?p=938\" rel=\"bookmark\"><img fetchpriority=\"high\" decoding=\"async\" width=\"570\" height=\"410\" src=\"https:\/\/paul-lincke.de\/wp-content\/uploads\/2023\/03\/230110_Bild_1_Annett-Louisan_Babyblue_Live2023_Foto_Jim-Raketejpg-570x410.jpg\" class=\"attachment-medium size-medium wp-post-image\" alt=\"\" \/><\/a><\/figure><\/div><div class=\"post-content-block\"><div class=\"meta-categories\"><a href=\"https:\/\/paul-lincke.de\/?cat=8\" rel=\"category\">Preistr\u00e4ger<\/a><\/div><header class=\"title\"><h2 itemprop=\"headline\"><a href=\"https:\/\/paul-lincke.de\/?p=938\" title=\"Permalink to 2023 &#8211; Annett Louisan\" rel=\"bookmark\">2023 &#8211; Annett Louisan<\/a><\/h2><\/header><div class=\"post-content\"><div class=\"post-excerpt\">\u201eGlaubw\u00fcrdige Pers\u00f6nlichkeit mit sinnlich-verspielten Texten\u201c<\/div><\/div><div class=\"post-meta footer-meta\"><div class=\"post-read\">1 min read<\/div><div class=\"post-view\">3457 Views<\/div><\/div><\/div><\/div><\/article><article class=\"post-size span4 style_1 918 post-918 post type-post status-publish format-standard has-post-thumbnail hentry category-preistraeger tag-goslar tag-johannes-oerding tag-paul-lincke-ring tag-preis post\"><div class=\"post-content-container textleft\"><div class=\"post-img-block\"><figure class=\"post-img\"><a href=\"https:\/\/paul-lincke.de\/?p=918\" rel=\"bookmark\"><img decoding=\"async\" width=\"570\" height=\"410\" src=\"https:\/\/paul-lincke.de\/wp-content\/uploads\/2023\/01\/joh_oerding-th_leidig-570x410.jpg\" class=\"attachment-medium size-medium wp-post-image\" alt=\"\" \/><\/a><\/figure><\/div><div class=\"post-content-block\"><div class=\"meta-categories\"><a href=\"https:\/\/paul-lincke.de\/?cat=8\" rel=\"category\">Preistr\u00e4ger<\/a><\/div><header class=\"title\"><h2 itemprop=\"headline\"><a href=\"https:\/\/paul-lincke.de\/?p=918\" title=\"Permalink to 2022 &#8211; Johannes Oerding\" rel=\"bookmark\">2022 &#8211; Johannes Oerding<\/a><\/h2><\/header><div class=\"post-content\"><div class=\"post-excerpt\">\u201eSympathisch, unpr\u00e4tenti\u00f6s und authentisch&#8220;<\/div><\/div><div class=\"post-meta footer-meta\"><div class=\"post-read\">1 min read<\/div><div class=\"post-view\">3986 Views<\/div><\/div><\/div><\/div><\/article><article class=\"post-size span4 style_1 883 post-883 post type-post status-publish format-standard has-post-thumbnail hentry category-preistraeger tag-goslar tag-max-mutzke tag-paul-lincke tag-paul-lincke-ring post\"><div class=\"post-content-container textleft\"><div class=\"post-img-block\"><figure class=\"post-img\"><a href=\"https:\/\/paul-lincke.de\/?p=883\" rel=\"bookmark\"><img decoding=\"async\" width=\"570\" height=\"410\" src=\"https:\/\/paul-lincke.de\/wp-content\/uploads\/2022\/06\/220408_Paul-Lincke-Ring_Max_Mutzke1-570x410.jpg\" class=\"attachment-medium size-medium wp-post-image\" alt=\"\" \/><\/a><\/figure><\/div><div class=\"post-content-block\"><div class=\"meta-categories\"><a href=\"https:\/\/paul-lincke.de\/?cat=8\" rel=\"category\">Preistr\u00e4ger<\/a><\/div><header class=\"title\"><h2 itemprop=\"headline\"><a href=\"https:\/\/paul-lincke.de\/?p=883\" title=\"Permalink to 2021 &#8211; Max Mutzke\" rel=\"bookmark\">2021 &#8211; Max Mutzke<\/a><\/h2><\/header><div class=\"post-content\"><div class=\"post-excerpt\">&#8222;Max Mutzke geh\u00f6rt zu den Giganten der deutschen Musik-Szene&#8220;<\/div><\/div><div class=\"post-meta footer-meta\"><div class=\"post-read\">1 min read<\/div><div class=\"post-view\">3718 Views<\/div><\/div><\/div><\/div><\/article><article class=\"post-size span4 style_1 330 post-330 post type-post status-publish format-standard has-post-thumbnail hentry category-preistraeger tag-goslar tag-paul-lincke tag-preis tag-ring tag-roland-kaiser post\"><div class=\"post-content-container textleft\"><div class=\"post-img-block\"><figure class=\"post-img\"><a href=\"https:\/\/paul-lincke.de\/?p=330\" rel=\"bookmark\"><img loading=\"lazy\" decoding=\"async\" width=\"570\" height=\"410\" src=\"https:\/\/paul-lincke.de\/wp-content\/uploads\/2023\/03\/IMG_6688-570x410.jpg\" class=\"attachment-medium size-medium wp-post-image\" alt=\"\" \/><\/a><\/figure><\/div><div class=\"post-content-block\"><div class=\"meta-categories\"><a href=\"https:\/\/paul-lincke.de\/?cat=8\" rel=\"category\">Preistr\u00e4ger<\/a><\/div><header class=\"title\"><h2 itemprop=\"headline\"><a href=\"https:\/\/paul-lincke.de\/?p=330\" title=\"Permalink to 2020 &#8211; Roland Kaiser\" rel=\"bookmark\">2020 &#8211; Roland Kaiser<\/a><\/h2><\/header><div class=\"post-content\"><div class=\"post-excerpt\">\u201eEr f\u00fcllt noch Stadien und h\u00e4lt den Auftrittsrekord bei der ZDF-Hitparade\u201c<\/div><\/div><div class=\"post-meta footer-meta\"><div class=\"post-read\">4 mins read<\/div><div class=\"post-view\">6741 Views<\/div><\/div><\/div><\/div><\/article><article class=\"post-size span4 style_1 113 post-113 post type-post status-publish format-standard has-post-thumbnail hentry category-preistraeger post\"><div class=\"post-content-container textleft\"><div class=\"post-img-block\"><figure class=\"post-img\"><a href=\"https:\/\/paul-lincke.de\/?p=113\" rel=\"bookmark\"><img loading=\"lazy\" decoding=\"async\" width=\"570\" height=\"410\" src=\"https:\/\/paul-lincke.de\/wp-content\/uploads\/2019\/05\/Bosse-570x410.jpg\" class=\"attachment-medium size-medium wp-post-image\" alt=\"\" \/><\/a><\/figure><\/div><div class=\"post-content-block\"><div class=\"meta-categories\"><a href=\"https:\/\/paul-lincke.de\/?cat=8\" rel=\"category\">Preistr\u00e4ger<\/a><\/div><header class=\"title\"><h2 itemprop=\"headline\"><a href=\"https:\/\/paul-lincke.de\/?p=113\" title=\"Permalink to 2019 &#8211; Bosse\" rel=\"bookmark\">2019 &#8211; Bosse<\/a><\/h2><\/header><div class=\"post-content\"><div class=\"post-excerpt\">\u201eEin besonderes Talent, mit seinen Texten Seelen zu ber\u00fchren\u201c<\/div><\/div><div class=\"post-meta footer-meta\"><div class=\"post-read\">2 mins read<\/div><div class=\"post-view\">6469 Views<\/div><\/div><\/div><\/div><\/article><article class=\"post-size span4 style_1 111 post-111 post type-post status-publish format-standard has-post-thumbnail hentry category-preistraeger post\"><div class=\"post-content-container textleft\"><div class=\"post-img-block\"><figure class=\"post-img\"><a href=\"https:\/\/paul-lincke.de\/?p=111\" rel=\"bookmark\"><img loading=\"lazy\" decoding=\"async\" width=\"570\" height=\"410\" src=\"https:\/\/paul-lincke.de\/wp-content\/uploads\/2018\/05\/Ina_mueller-570x410.jpg\" class=\"attachment-medium size-medium wp-post-image\" alt=\"\" \/><\/a><\/figure><\/div><div class=\"post-content-block\"><div class=\"meta-categories\"><a href=\"https:\/\/paul-lincke.de\/?cat=8\" rel=\"category\">Preistr\u00e4ger<\/a><\/div><header class=\"title\"><h2 itemprop=\"headline\"><a href=\"https:\/\/paul-lincke.de\/?p=111\" title=\"Permalink to 2018 &#8211; Ina M\u00fcller\" rel=\"bookmark\">2018 &#8211; Ina M\u00fcller<\/a><\/h2><\/header><div class=\"post-content\"><div class=\"post-excerpt\">&#8222;Bekannt und geliebt: Deutschlands ganzheitlichste Entertainerin&#8220;<\/div><\/div><div class=\"post-meta footer-meta\"><div class=\"post-read\">4 mins read<\/div><div class=\"post-view\">7379 Views<\/div><\/div><\/div><\/div><\/article><article class=\"post-size span4 style_1 109 post-109 post type-post status-publish format-standard has-post-thumbnail hentry category-preistraeger post\"><div class=\"post-content-container textleft\"><div class=\"post-img-block\"><figure class=\"post-img\"><a href=\"https:\/\/paul-lincke.de\/?p=109\" rel=\"bookmark\"><img loading=\"lazy\" decoding=\"async\" width=\"570\" height=\"410\" src=\"https:\/\/paul-lincke.de\/wp-content\/uploads\/2019\/10\/Niedecken-570x410.jpg\" class=\"attachment-medium size-medium wp-post-image\" alt=\"\" \/><\/a><\/figure><\/div><div class=\"post-content-block\"><div class=\"meta-categories\"><a href=\"https:\/\/paul-lincke.de\/?cat=8\" rel=\"category\">Preistr\u00e4ger<\/a><\/div><header class=\"title\"><h2 itemprop=\"headline\"><a href=\"https:\/\/paul-lincke.de\/?p=109\" title=\"Permalink to 2017 &#8211; W. Niedecken\" rel=\"bookmark\">2017 &#8211; W. Niedecken<\/a><\/h2><\/header><div class=\"post-content\"><div class=\"post-excerpt\">&#8222;Wolfgang Niedecken geh\u00f6rt zu den  pr\u00e4gendsten K\u00f6pfen der deutschen Rockmusik&#8220;<\/div><\/div><div class=\"post-meta footer-meta\"><div class=\"post-read\">3 mins read<\/div><div class=\"post-view\">6271 Views<\/div><\/div><\/div><\/div><\/article><article class=\"post-size span4 style_1 107 post-107 post type-post status-publish format-standard has-post-thumbnail hentry category-preistraeger tag-helge-schneider tag-jazz tag-katzenklo tag-komiker tag-musiker tag-sinn-im-unsinn tag-unterhaltungskuenstler post\"><div class=\"post-content-container textleft\"><div class=\"post-img-block\"><figure class=\"post-img\"><a href=\"https:\/\/paul-lincke.de\/?p=107\" rel=\"bookmark\"><img loading=\"lazy\" decoding=\"async\" width=\"570\" height=\"410\" src=\"https:\/\/paul-lincke.de\/wp-content\/uploads\/2016\/01\/Helge_Schneider1-570x410.jpg\" class=\"attachment-medium size-medium wp-post-image\" alt=\"\" \/><\/a><\/figure><\/div><div class=\"post-content-block\"><div class=\"meta-categories\"><a href=\"https:\/\/paul-lincke.de\/?cat=8\" rel=\"category\">Preistr\u00e4ger<\/a><\/div><header class=\"title\"><h2 itemprop=\"headline\"><a href=\"https:\/\/paul-lincke.de\/?p=107\" title=\"Permalink to 2016 &#8211; Helge Schneider\" rel=\"bookmark\">2016 &#8211; Helge Schneider<\/a><\/h2><\/header><div class=\"post-content\"><div class=\"post-excerpt\">&#8222;Ihm wird von vielen Seiten eine au\u00dferordentliche Musikalit\u00e4t bescheinigt&#8220; <\/div><\/div><div class=\"post-meta footer-meta\"><div class=\"post-read\">4 mins read<\/div><div class=\"post-view\">5990 Views<\/div><\/div><\/div><\/div><\/article><article class=\"post-size span4 style_1 105 post-105 post type-post status-publish format-standard has-post-thumbnail hentry category-preistraeger tag-clueso tag-erfurt tag-songwriter tag-thomas-huebner post\"><div class=\"post-content-container textleft\"><div class=\"post-img-block\"><figure class=\"post-img\"><a href=\"https:\/\/paul-lincke.de\/?p=105\" rel=\"bookmark\"><img loading=\"lazy\" decoding=\"async\" width=\"570\" height=\"410\" src=\"https:\/\/paul-lincke.de\/wp-content\/uploads\/2016\/01\/Clueso-570x410.jpg\" class=\"attachment-medium size-medium wp-post-image\" alt=\"\" \/><\/a><\/figure><\/div><div class=\"post-content-block\"><div class=\"meta-categories\"><a href=\"https:\/\/paul-lincke.de\/?cat=8\" rel=\"category\">Preistr\u00e4ger<\/a><\/div><header class=\"title\"><h2 itemprop=\"headline\"><a href=\"https:\/\/paul-lincke.de\/?p=105\" title=\"Permalink to 2015 &#8211; Clueso\" rel=\"bookmark\">2015 &#8211; Clueso<\/a><\/h2><\/header><div class=\"post-content\"><div class=\"post-excerpt\">S\u00e4nger und Songwriter Thomas H\u00fcbner alias Clueso aus Erfurt erh\u00e4lt den Paul-Lincke-Ring<\/div><\/div><div class=\"post-meta footer-meta\"><div class=\"post-read\">2 mins read<\/div><div class=\"post-view\">6253 Views<\/div><\/div><\/div><\/div><\/article><\/div><div id=\"pagination\"><span class=\"current\">1<\/span><a href='https:\/\/paul-lincke.de\/index.php?rest_route=%2Fwp%2Fv2%2Fpages%2F31&#038;paged=2' class=\"inactive\">2<\/a><a href='https:\/\/paul-lincke.de\/index.php?rest_route=%2Fwp%2Fv2%2Fpages%2F31&#038;paged=3' class=\"inactive\">3<\/a><a href='https:\/\/paul-lincke.de\/index.php?rest_route=%2Fwp%2Fv2%2Fpages%2F31&#038;paged=4' class=\"inactive\">4<\/a><a href='https:\/\/paul-lincke.de\/index.php?rest_route=%2Fwp%2Fv2%2Fpages%2F31&#038;paged=5' class=\"inactive\">5<\/a><a href=\"https:\/\/paul-lincke.de\/index.php?rest_route=%2Fwp%2Fv2%2Fpages%2F31&#038;paged=2\" class=\"next\"><i class=\"la la-angle-right\"><\/i><\/a><\/div><\/div>\n\n\n\n<\/div><\/div>\n\n\n<style>.kadence-column31_0fb834-25 > .kt-inside-inner-col,.kadence-column31_0fb834-25 > .kt-inside-inner-col:before{border-top-left-radius:0px;border-top-right-radius:0px;border-bottom-right-radius:0px;border-bottom-left-radius:0px;}.kadence-column31_0fb834-25 > .kt-inside-inner-col{column-gap:var(--global-kb-gap-sm, 1rem);}.kadence-column31_0fb834-25 > .kt-inside-inner-col{flex-direction:column;}.kadence-column31_0fb834-25 > .kt-inside-inner-col > .aligncenter{width:100%;}.kadence-column31_0fb834-25 > .kt-inside-inner-col:before{opacity:0.3;}.kadence-column31_0fb834-25{position:relative;}@media all and (max-width: 1024px){.kadence-column31_0fb834-25 > .kt-inside-inner-col{flex-direction:column;}}@media all and (max-width: 767px){.kadence-column31_0fb834-25 > .kt-inside-inner-col{flex-direction:column;}}<\/style>\n<div class=\"wp-block-kadence-column kadence-column31_0fb834-25 inner-column-2\"><div class=\"kt-inside-inner-col\">\n<h5 class=\"wp-block-heading\"><strong><a href=\"https:\/\/paul-lincke.de\/?page_id=539\" target=\"_blank\" rel=\"noreferrer noopener\" aria-label=\"Paul-Lincke-Ball (\u00f6ffnet in neuem Tab)\">Paul-Lincke-Ball<\/a><\/strong><\/h5>\n\n\n\n<h5 class=\"wp-block-heading\">Die Preistr\u00e4gerin des Paul-Lincke-Rings 2023 hei\u00dft Annett Louisan.<\/h5>\n\n\n\n\n\n\n\n\n\n\n\t<div id=\"sidebar\" class=\"sticky\">\n\t\t<\/div>\n\t<\/div><\/div>\n\n<\/div><\/div>","protected":false},"excerpt":{"rendered":"<p>Preistr\u00e4ger und Informationen Paul-Lincke-Ball Die Preistr\u00e4gerin des Paul-Lincke-Rings 2023 hei\u00dft Annett Louisan.<\/p>\n","protected":false},"author":1,"featured_media":0,"parent":0,"menu_order":0,"comment_status":"closed","ping_status":"closed","template":"page-nosidebar.php","meta":{"footnotes":""},"class_list":["post-31","page","type-page","status-publish","hentry"],"_links":{"self":[{"href":"https:\/\/paul-lincke.de\/index.php?rest_route=\/wp\/v2\/pages\/31","targetHints":{"allow":["GET"]}}],"collection":[{"href":"https:\/\/paul-lincke.de\/index.php?rest_route=\/wp\/v2\/pages"}],"about":[{"href":"https:\/\/paul-lincke.de\/index.php?rest_route=\/wp\/v2\/types\/page"}],"author":[{"embeddable":true,"href":"https:\/\/paul-lincke.de\/index.php?rest_route=\/wp\/v2\/users\/1"}],"replies":[{"embeddable":true,"href":"https:\/\/paul-lincke.de\/index.php?rest_route=%2Fwp%2Fv2%2Fcomments&post=31"}],"version-history":[{"count":41,"href":"https:\/\/paul-lincke.de\/index.php?rest_route=\/wp\/v2\/pages\/31\/revisions"}],"predecessor-version":[{"id":990,"href":"https:\/\/paul-lincke.de\/index.php?rest_route=\/wp\/v2\/pages\/31\/revisions\/990"}],"wp:attachment":[{"href":"https:\/\/paul-lincke.de\/index.php?rest_route=%2Fwp%2Fv2%2Fmedia&parent=31"}],"curies":[{"name":"wp","href":"https:\/\/api.w.org\/{rel}","templated":true}]}}